{"id":2708,"date":"2017-05-31T15:20:56","date_gmt":"2017-05-31T13:20:56","guid":{"rendered":"https:\/\/www.blisteromar.com\/azienda-2\/servizi\/training\/"},"modified":"2018-06-05T10:15:40","modified_gmt":"2018-06-05T08:15:40","slug":"training","status":"publish","type":"page","link":"https:\/\/www.blisteromar.com\/de\/azienda-2\/servizi\/training\/","title":{"rendered":"Schulung vor Ort"},"content":{"rendered":"<h1>Schulung vor Ort<\/h1>\n<p><strong>Schulung<\/strong>: bedeutet, die Kunden \u00fcber die Charakteristiken und Funktionsweisen unserer Maschinen aufkl\u00e4ren, um eine korrekte Nutzung und vollst\u00e4ndige Effizienz zu erm\u00f6glichen.<\/p>\n","protected":false},"excerpt":{"rendered":"<p>Schulung vor Ort Schulung: bedeutet, die Kunden \u00fcber die Charakteristiken und Funktionsweisen unserer Maschinen aufkl\u00e4ren, um eine korrekte Nutzung und vollst\u00e4ndige Effizienz zu erm\u00f6glichen.<\/p>\n","protected":false},"author":1,"featured_media":0,"parent":2688,"menu_order":0,"comment_status":"closed","ping_status":"closed","template":"template\/chi_siamo_gallery.php","meta":{"_acf_changed":false,"footnotes":""},"class_list":["post-2708","page","type-page","status-publish","hentry"],"acf":[],"yoast_head":"<!-- This site is optimized with the Yoast SEO plugin v26.9 - https:\/\/yoast.com\/product\/yoast-seo-wordpress\/ -->\n<title>Schulung vor Ort | O.M.A.R. Solutions for Pharmaceutical Industries in Excellent Packaging Blister<\/title>\n<meta name=\"description\" content=\"Schulung: bedeutet, die Kunden \u00fcber die Charakteristiken und Funktionsweisen unserer Maschinen aufkl\u00e4ren, um eine korrekte Nutzung und vollst\u00e4ndige...\" \/>\n<meta name=\"robots\" content=\"index, follow, max-snippet:-1, max-image-preview:large, max-video-preview:-1\" \/>\n<link rel=\"canonical\" href=\"https:\/\/www.blisteromar.com\/de\/azienda-2\/servizi\/training\/\" \/>\n<meta property=\"og:locale\" content=\"de_DE\" \/>\n<meta property=\"og:type\" content=\"article\" \/>\n<meta property=\"og:title\" content=\"Schulung vor Ort | O.M.A.R. Solutions for Pharmaceutical Industries in Excellent Packaging Blister\" \/>\n<meta property=\"og:description\" content=\"Schulung: bedeutet, die Kunden \u00fcber die Charakteristiken und Funktionsweisen unserer Maschinen aufkl\u00e4ren, um eine korrekte Nutzung und vollst\u00e4ndige...\" \/>\n<meta property=\"og:url\" content=\"https:\/\/www.blisteromar.com\/de\/azienda-2\/servizi\/training\/\" \/>\n<meta property=\"og:site_name\" content=\"O.M.A.R. srl\" \/>\n<meta property=\"article:modified_time\" content=\"2018-06-05T08:15:40+00:00\" \/>\n<meta property=\"og:image\" content=\"https:\/\/www.blisteromar.com\/wp-content\/uploads\/2022\/06\/logo.jpg\" \/>\n\t<meta property=\"og:image:width\" content=\"1200\" \/>\n\t<meta property=\"og:image:height\" content=\"630\" \/>\n\t<meta property=\"og:image:type\" content=\"image\/jpeg\" \/>\n<meta name=\"twitter:card\" content=\"summary_large_image\" \/>\n<script type=\"application\/ld+json\" class=\"yoast-schema-graph\">{\"@context\":\"https:\/\/schema.org\",\"@graph\":[{\"@type\":\"WebPage\",\"@id\":\"https:\/\/www.blisteromar.com\/de\/azienda-2\/servizi\/training\/\",\"url\":\"https:\/\/www.blisteromar.com\/de\/azienda-2\/servizi\/training\/\",\"name\":\"Schulung vor Ort | O.M.A.R. Solutions for Pharmaceutical Industries in Excellent Packaging Blister\",\"isPartOf\":{\"@id\":\"https:\/\/www.blisteromar.com\/#website\"},\"datePublished\":\"2017-05-31T13:20:56+00:00\",\"dateModified\":\"2018-06-05T08:15:40+00:00\",\"description\":\"Schulung: bedeutet, die Kunden \u00fcber die Charakteristiken und Funktionsweisen unserer Maschinen aufkl\u00e4ren, um eine korrekte Nutzung und vollst\u00e4ndige...\",\"breadcrumb\":{\"@id\":\"https:\/\/www.blisteromar.com\/de\/azienda-2\/servizi\/training\/#breadcrumb\"},\"inLanguage\":\"de\",\"potentialAction\":[{\"@type\":\"ReadAction\",\"target\":[\"https:\/\/www.blisteromar.com\/de\/azienda-2\/servizi\/training\/\"]}]},{\"@type\":\"BreadcrumbList\",\"@id\":\"https:\/\/www.blisteromar.com\/de\/azienda-2\/servizi\/training\/#breadcrumb\",\"itemListElement\":[{\"@type\":\"ListItem\",\"position\":1,\"name\":\"Home\",\"item\":\"https:\/\/www.blisteromar.com\/de\/\"},{\"@type\":\"ListItem\",\"position\":2,\"name\":\"Das Unternehmen\",\"item\":\"https:\/\/www.blisteromar.com\/de\/azienda-2\/\"},{\"@type\":\"ListItem\",\"position\":3,\"name\":\"Dienstleistungen\",\"item\":\"https:\/\/www.blisteromar.com\/de\/azienda-2\/servizi\/\"},{\"@type\":\"ListItem\",\"position\":4,\"name\":\"Schulung vor Ort\"}]},{\"@type\":\"WebSite\",\"@id\":\"https:\/\/www.blisteromar.com\/#website\",\"url\":\"https:\/\/www.blisteromar.com\/\",\"name\":\"O.M.A.R. srl\",\"description\":\"Solutions for Pharmaceutical Industries in Excellent Packaging Blister\",\"potentialAction\":[{\"@type\":\"SearchAction\",\"target\":{\"@type\":\"EntryPoint\",\"urlTemplate\":\"https:\/\/www.blisteromar.com\/?s={search_term_string}\"},\"query-input\":{\"@type\":\"PropertyValueSpecification\",\"valueRequired\":true,\"valueName\":\"search_term_string\"}}],\"inLanguage\":\"de\"}]}<\/script>\n<!-- \/ Yoast SEO plugin. -->","yoast_head_json":{"title":"Schulung vor Ort | O.M.A.R. Solutions for Pharmaceutical Industries in Excellent Packaging Blister","description":"Schulung: bedeutet, die Kunden \u00fcber die Charakteristiken und Funktionsweisen unserer Maschinen aufkl\u00e4ren, um eine korrekte Nutzung und vollst\u00e4ndige...","robots":{"index":"index","follow":"follow","max-snippet":"max-snippet:-1","max-image-preview":"max-image-preview:large","max-video-preview":"max-video-preview:-1"},"canonical":"https:\/\/www.blisteromar.com\/de\/azienda-2\/servizi\/training\/","og_locale":"de_DE","og_type":"article","og_title":"Schulung vor Ort | O.M.A.R. Solutions for Pharmaceutical Industries in Excellent Packaging Blister","og_description":"Schulung: bedeutet, die Kunden \u00fcber die Charakteristiken und Funktionsweisen unserer Maschinen aufkl\u00e4ren, um eine korrekte Nutzung und vollst\u00e4ndige...","og_url":"https:\/\/www.blisteromar.com\/de\/azienda-2\/servizi\/training\/","og_site_name":"O.M.A.R. srl","article_modified_time":"2018-06-05T08:15:40+00:00","og_image":[{"width":1200,"height":630,"url":"https:\/\/www.blisteromar.com\/wp-content\/uploads\/2022\/06\/logo.jpg","type":"image\/jpeg"}],"twitter_card":"summary_large_image","schema":{"@context":"https:\/\/schema.org","@graph":[{"@type":"WebPage","@id":"https:\/\/www.blisteromar.com\/de\/azienda-2\/servizi\/training\/","url":"https:\/\/www.blisteromar.com\/de\/azienda-2\/servizi\/training\/","name":"Schulung vor Ort | O.M.A.R. Solutions for Pharmaceutical Industries in Excellent Packaging Blister","isPartOf":{"@id":"https:\/\/www.blisteromar.com\/#website"},"datePublished":"2017-05-31T13:20:56+00:00","dateModified":"2018-06-05T08:15:40+00:00","description":"Schulung: bedeutet, die Kunden \u00fcber die Charakteristiken und Funktionsweisen unserer Maschinen aufkl\u00e4ren, um eine korrekte Nutzung und vollst\u00e4ndige...","breadcrumb":{"@id":"https:\/\/www.blisteromar.com\/de\/azienda-2\/servizi\/training\/#breadcrumb"},"inLanguage":"de","potentialAction":[{"@type":"ReadAction","target":["https:\/\/www.blisteromar.com\/de\/azienda-2\/servizi\/training\/"]}]},{"@type":"BreadcrumbList","@id":"https:\/\/www.blisteromar.com\/de\/azienda-2\/servizi\/training\/#breadcrumb","itemListElement":[{"@type":"ListItem","position":1,"name":"Home","item":"https:\/\/www.blisteromar.com\/de\/"},{"@type":"ListItem","position":2,"name":"Das Unternehmen","item":"https:\/\/www.blisteromar.com\/de\/azienda-2\/"},{"@type":"ListItem","position":3,"name":"Dienstleistungen","item":"https:\/\/www.blisteromar.com\/de\/azienda-2\/servizi\/"},{"@type":"ListItem","position":4,"name":"Schulung vor Ort"}]},{"@type":"WebSite","@id":"https:\/\/www.blisteromar.com\/#website","url":"https:\/\/www.blisteromar.com\/","name":"O.M.A.R. srl","description":"Solutions for Pharmaceutical Industries in Excellent Packaging Blister","potentialAction":[{"@type":"SearchAction","target":{"@type":"EntryPoint","urlTemplate":"https:\/\/www.blisteromar.com\/?s={search_term_string}"},"query-input":{"@type":"PropertyValueSpecification","valueRequired":true,"valueName":"search_term_string"}}],"inLanguage":"de"}]}},"_links":{"self":[{"href":"https:\/\/www.blisteromar.com\/de\/wp-json\/wp\/v2\/pages\/2708","targetHints":{"allow":["GET"]}}],"collection":[{"href":"https:\/\/www.blisteromar.com\/de\/wp-json\/wp\/v2\/pages"}],"about":[{"href":"https:\/\/www.blisteromar.com\/de\/wp-json\/wp\/v2\/types\/page"}],"author":[{"embeddable":true,"href":"https:\/\/www.blisteromar.com\/de\/wp-json\/wp\/v2\/users\/1"}],"replies":[{"embeddable":true,"href":"https:\/\/www.blisteromar.com\/de\/wp-json\/wp\/v2\/comments?post=2708"}],"version-history":[{"count":2,"href":"https:\/\/www.blisteromar.com\/de\/wp-json\/wp\/v2\/pages\/2708\/revisions"}],"predecessor-version":[{"id":4404,"href":"https:\/\/www.blisteromar.com\/de\/wp-json\/wp\/v2\/pages\/2708\/revisions\/4404"}],"up":[{"embeddable":true,"href":"https:\/\/www.blisteromar.com\/de\/wp-json\/wp\/v2\/pages\/2688"}],"wp:attachment":[{"href":"https:\/\/www.blisteromar.com\/de\/wp-json\/wp\/v2\/media?parent=2708"}],"curies":[{"name":"wp","href":"https:\/\/api.w.org\/{rel}","templated":true}]}}