{"id":2728,"date":"2017-05-31T15:23:18","date_gmt":"2017-05-31T13:23:18","guid":{"rendered":"https:\/\/www.blisteromar.com\/azienda-2\/il-sociale\/"},"modified":"2018-06-05T10:34:22","modified_gmt":"2018-06-05T08:34:22","slug":"il-sociale","status":"publish","type":"page","link":"https:\/\/www.blisteromar.com\/de\/azienda-2\/il-sociale\/","title":{"rendered":"Solidarit\u00e4t"},"content":{"rendered":"<h1>SOZIALES ENGAGEMENT<\/h1>\n<p class=\"p1\">Solidarit\u00e4t von Menschen f\u00fcr die Menschen.<\/p>\n<p>&nbsp;<\/p>\n","protected":false},"excerpt":{"rendered":"<p>SOZIALES ENGAGEMENT Solidarit\u00e4t von Menschen f\u00fcr die Menschen. &nbsp;<\/p>\n","protected":false},"author":1,"featured_media":0,"parent":2196,"menu_order":0,"comment_status":"closed","ping_status":"closed","template":"template\/chi_siamo_gallery.php","meta":{"_acf_changed":false,"footnotes":""},"class_list":["post-2728","page","type-page","status-publish","hentry"],"acf":[],"yoast_head":"<!-- This site is optimized with the Yoast SEO plugin v26.9 - https:\/\/yoast.com\/product\/yoast-seo-wordpress\/ -->\n<title>Solidarit\u00e4t | O.M.A.R. Solutions for Pharmaceutical Industries in Excellent Packaging Blister<\/title>\n<meta name=\"description\" content=\"Solidarit\u00e4t von Menschen f\u00fcr die Menschen.\" \/>\n<meta name=\"robots\" content=\"index, follow, max-snippet:-1, max-image-preview:large, max-video-preview:-1\" \/>\n<link rel=\"canonical\" href=\"https:\/\/www.blisteromar.com\/de\/azienda-2\/il-sociale\/\" \/>\n<meta property=\"og:locale\" content=\"de_DE\" \/>\n<meta property=\"og:type\" content=\"article\" \/>\n<meta property=\"og:title\" content=\"Solidarit\u00e4t | O.M.A.R. Solutions for Pharmaceutical Industries in Excellent Packaging Blister\" \/>\n<meta property=\"og:description\" content=\"Solidarit\u00e4t von Menschen f\u00fcr die Menschen.\" \/>\n<meta property=\"og:url\" content=\"https:\/\/www.blisteromar.com\/de\/azienda-2\/il-sociale\/\" \/>\n<meta property=\"og:site_name\" content=\"O.M.A.R. srl\" \/>\n<meta property=\"article:modified_time\" content=\"2018-06-05T08:34:22+00:00\" \/>\n<meta property=\"og:image\" content=\"https:\/\/www.blisteromar.com\/wp-content\/uploads\/2022\/06\/logo.jpg\" \/>\n\t<meta property=\"og:image:width\" content=\"1200\" \/>\n\t<meta property=\"og:image:height\" content=\"630\" \/>\n\t<meta property=\"og:image:type\" content=\"image\/jpeg\" \/>\n<meta name=\"twitter:card\" content=\"summary_large_image\" \/>\n<script type=\"application\/ld+json\" class=\"yoast-schema-graph\">{\"@context\":\"https:\/\/schema.org\",\"@graph\":[{\"@type\":\"WebPage\",\"@id\":\"https:\/\/www.blisteromar.com\/de\/azienda-2\/il-sociale\/\",\"url\":\"https:\/\/www.blisteromar.com\/de\/azienda-2\/il-sociale\/\",\"name\":\"Solidarit\u00e4t | O.M.A.R. Solutions for Pharmaceutical Industries in Excellent Packaging Blister\",\"isPartOf\":{\"@id\":\"https:\/\/www.blisteromar.com\/#website\"},\"datePublished\":\"2017-05-31T13:23:18+00:00\",\"dateModified\":\"2018-06-05T08:34:22+00:00\",\"description\":\"Solidarit\u00e4t von Menschen f\u00fcr die Menschen.\",\"breadcrumb\":{\"@id\":\"https:\/\/www.blisteromar.com\/de\/azienda-2\/il-sociale\/#breadcrumb\"},\"inLanguage\":\"de\",\"potentialAction\":[{\"@type\":\"ReadAction\",\"target\":[\"https:\/\/www.blisteromar.com\/de\/azienda-2\/il-sociale\/\"]}]},{\"@type\":\"BreadcrumbList\",\"@id\":\"https:\/\/www.blisteromar.com\/de\/azienda-2\/il-sociale\/#breadcrumb\",\"itemListElement\":[{\"@type\":\"ListItem\",\"position\":1,\"name\":\"Home\",\"item\":\"https:\/\/www.blisteromar.com\/de\/\"},{\"@type\":\"ListItem\",\"position\":2,\"name\":\"Das Unternehmen\",\"item\":\"https:\/\/www.blisteromar.com\/de\/azienda-2\/\"},{\"@type\":\"ListItem\",\"position\":3,\"name\":\"Solidarit\u00e4t\"}]},{\"@type\":\"WebSite\",\"@id\":\"https:\/\/www.blisteromar.com\/#website\",\"url\":\"https:\/\/www.blisteromar.com\/\",\"name\":\"O.M.A.R. srl\",\"description\":\"Solutions for Pharmaceutical Industries in Excellent Packaging Blister\",\"potentialAction\":[{\"@type\":\"SearchAction\",\"target\":{\"@type\":\"EntryPoint\",\"urlTemplate\":\"https:\/\/www.blisteromar.com\/?s={search_term_string}\"},\"query-input\":{\"@type\":\"PropertyValueSpecification\",\"valueRequired\":true,\"valueName\":\"search_term_string\"}}],\"inLanguage\":\"de\"}]}<\/script>\n<!-- \/ Yoast SEO plugin. -->","yoast_head_json":{"title":"Solidarit\u00e4t | O.M.A.R. Solutions for Pharmaceutical Industries in Excellent Packaging Blister","description":"Solidarit\u00e4t von Menschen f\u00fcr die Menschen.","robots":{"index":"index","follow":"follow","max-snippet":"max-snippet:-1","max-image-preview":"max-image-preview:large","max-video-preview":"max-video-preview:-1"},"canonical":"https:\/\/www.blisteromar.com\/de\/azienda-2\/il-sociale\/","og_locale":"de_DE","og_type":"article","og_title":"Solidarit\u00e4t | O.M.A.R. Solutions for Pharmaceutical Industries in Excellent Packaging Blister","og_description":"Solidarit\u00e4t von Menschen f\u00fcr die Menschen.","og_url":"https:\/\/www.blisteromar.com\/de\/azienda-2\/il-sociale\/","og_site_name":"O.M.A.R. srl","article_modified_time":"2018-06-05T08:34:22+00:00","og_image":[{"width":1200,"height":630,"url":"https:\/\/www.blisteromar.com\/wp-content\/uploads\/2022\/06\/logo.jpg","type":"image\/jpeg"}],"twitter_card":"summary_large_image","schema":{"@context":"https:\/\/schema.org","@graph":[{"@type":"WebPage","@id":"https:\/\/www.blisteromar.com\/de\/azienda-2\/il-sociale\/","url":"https:\/\/www.blisteromar.com\/de\/azienda-2\/il-sociale\/","name":"Solidarit\u00e4t | O.M.A.R. Solutions for Pharmaceutical Industries in Excellent Packaging Blister","isPartOf":{"@id":"https:\/\/www.blisteromar.com\/#website"},"datePublished":"2017-05-31T13:23:18+00:00","dateModified":"2018-06-05T08:34:22+00:00","description":"Solidarit\u00e4t von Menschen f\u00fcr die Menschen.","breadcrumb":{"@id":"https:\/\/www.blisteromar.com\/de\/azienda-2\/il-sociale\/#breadcrumb"},"inLanguage":"de","potentialAction":[{"@type":"ReadAction","target":["https:\/\/www.blisteromar.com\/de\/azienda-2\/il-sociale\/"]}]},{"@type":"BreadcrumbList","@id":"https:\/\/www.blisteromar.com\/de\/azienda-2\/il-sociale\/#breadcrumb","itemListElement":[{"@type":"ListItem","position":1,"name":"Home","item":"https:\/\/www.blisteromar.com\/de\/"},{"@type":"ListItem","position":2,"name":"Das Unternehmen","item":"https:\/\/www.blisteromar.com\/de\/azienda-2\/"},{"@type":"ListItem","position":3,"name":"Solidarit\u00e4t"}]},{"@type":"WebSite","@id":"https:\/\/www.blisteromar.com\/#website","url":"https:\/\/www.blisteromar.com\/","name":"O.M.A.R. srl","description":"Solutions for Pharmaceutical Industries in Excellent Packaging Blister","potentialAction":[{"@type":"SearchAction","target":{"@type":"EntryPoint","urlTemplate":"https:\/\/www.blisteromar.com\/?s={search_term_string}"},"query-input":{"@type":"PropertyValueSpecification","valueRequired":true,"valueName":"search_term_string"}}],"inLanguage":"de"}]}},"_links":{"self":[{"href":"https:\/\/www.blisteromar.com\/de\/wp-json\/wp\/v2\/pages\/2728","targetHints":{"allow":["GET"]}}],"collection":[{"href":"https:\/\/www.blisteromar.com\/de\/wp-json\/wp\/v2\/pages"}],"about":[{"href":"https:\/\/www.blisteromar.com\/de\/wp-json\/wp\/v2\/types\/page"}],"author":[{"embeddable":true,"href":"https:\/\/www.blisteromar.com\/de\/wp-json\/wp\/v2\/users\/1"}],"replies":[{"embeddable":true,"href":"https:\/\/www.blisteromar.com\/de\/wp-json\/wp\/v2\/comments?post=2728"}],"version-history":[{"count":2,"href":"https:\/\/www.blisteromar.com\/de\/wp-json\/wp\/v2\/pages\/2728\/revisions"}],"predecessor-version":[{"id":4413,"href":"https:\/\/www.blisteromar.com\/de\/wp-json\/wp\/v2\/pages\/2728\/revisions\/4413"}],"up":[{"embeddable":true,"href":"https:\/\/www.blisteromar.com\/de\/wp-json\/wp\/v2\/pages\/2196"}],"wp:attachment":[{"href":"https:\/\/www.blisteromar.com\/de\/wp-json\/wp\/v2\/media?parent=2728"}],"curies":[{"name":"wp","href":"https:\/\/api.w.org\/{rel}","templated":true}]}}