{"id":2707,"date":"2017-05-31T15:20:56","date_gmt":"2017-05-31T13:20:56","guid":{"rendered":"https:\/\/www.blisteromar.com\/azienda-2\/servizi\/training\/"},"modified":"2018-06-05T10:15:12","modified_gmt":"2018-06-05T08:15:12","slug":"training","status":"publish","type":"page","link":"https:\/\/www.blisteromar.com\/fr\/azienda-2\/servizi\/training\/","title":{"rendered":"Formation sur le Site"},"content":{"rendered":"<h1>Formation sur le Site<\/h1>\n<p><strong>Formation<\/strong>: signifie instruire la client\u00e8le sur les caract\u00e9ristiques et les fonctionnalit\u00e9s de nos machines pour permettre une utilisation correcte et efficiente de celles-ci.<\/p>\n","protected":false},"excerpt":{"rendered":"<p>Formation sur le Site Formation: signifie instruire la client\u00e8le sur les caract\u00e9ristiques et les fonctionnalit\u00e9s de nos machines pour permettre une utilisation correcte et efficiente de celles-ci.<\/p>\n","protected":false},"author":1,"featured_media":0,"parent":2687,"menu_order":0,"comment_status":"closed","ping_status":"closed","template":"template\/chi_siamo_gallery.php","meta":{"_acf_changed":false,"footnotes":""},"class_list":["post-2707","page","type-page","status-publish","hentry"],"acf":[],"yoast_head":"<!-- This site is optimized with the Yoast SEO plugin v26.9 - https:\/\/yoast.com\/product\/yoast-seo-wordpress\/ -->\n<title>Formation sur le Site | O.M.A.R. Solutions for Pharmaceutical Industries in Excellent Packaging Blister<\/title>\n<meta name=\"description\" content=\"Formation: signifie instruire la client\u00e8le sur les caract\u00e9ristiques et les fonctionnalit\u00e9s de nos machines pour permettre une utilisation correcte et...\" \/>\n<meta name=\"robots\" content=\"index, follow, max-snippet:-1, max-image-preview:large, max-video-preview:-1\" \/>\n<link rel=\"canonical\" href=\"https:\/\/www.blisteromar.com\/fr\/azienda-2\/servizi\/training\/\" \/>\n<meta property=\"og:locale\" content=\"fr_FR\" \/>\n<meta property=\"og:type\" content=\"article\" \/>\n<meta property=\"og:title\" content=\"Formation sur le Site | O.M.A.R. Solutions for Pharmaceutical Industries in Excellent Packaging Blister\" \/>\n<meta property=\"og:description\" content=\"Formation: signifie instruire la client\u00e8le sur les caract\u00e9ristiques et les fonctionnalit\u00e9s de nos machines pour permettre une utilisation correcte et...\" \/>\n<meta property=\"og:url\" content=\"https:\/\/www.blisteromar.com\/fr\/azienda-2\/servizi\/training\/\" \/>\n<meta property=\"og:site_name\" content=\"O.M.A.R. srl\" \/>\n<meta property=\"article:modified_time\" content=\"2018-06-05T08:15:12+00:00\" \/>\n<meta property=\"og:image\" content=\"https:\/\/www.blisteromar.com\/wp-content\/uploads\/2022\/06\/logo.jpg\" \/>\n\t<meta property=\"og:image:width\" content=\"1200\" \/>\n\t<meta property=\"og:image:height\" content=\"630\" \/>\n\t<meta property=\"og:image:type\" content=\"image\/jpeg\" \/>\n<meta name=\"twitter:card\" content=\"summary_large_image\" \/>\n<script type=\"application\/ld+json\" class=\"yoast-schema-graph\">{\"@context\":\"https:\/\/schema.org\",\"@graph\":[{\"@type\":\"WebPage\",\"@id\":\"https:\/\/www.blisteromar.com\/fr\/azienda-2\/servizi\/training\/\",\"url\":\"https:\/\/www.blisteromar.com\/fr\/azienda-2\/servizi\/training\/\",\"name\":\"Formation sur le Site | O.M.A.R. Solutions for Pharmaceutical Industries in Excellent Packaging Blister\",\"isPartOf\":{\"@id\":\"https:\/\/www.blisteromar.com\/#website\"},\"datePublished\":\"2017-05-31T13:20:56+00:00\",\"dateModified\":\"2018-06-05T08:15:12+00:00\",\"description\":\"Formation: signifie instruire la client\u00e8le sur les caract\u00e9ristiques et les fonctionnalit\u00e9s de nos machines pour permettre une utilisation correcte et...\",\"breadcrumb\":{\"@id\":\"https:\/\/www.blisteromar.com\/fr\/azienda-2\/servizi\/training\/#breadcrumb\"},\"inLanguage\":\"fr-FR\",\"potentialAction\":[{\"@type\":\"ReadAction\",\"target\":[\"https:\/\/www.blisteromar.com\/fr\/azienda-2\/servizi\/training\/\"]}]},{\"@type\":\"BreadcrumbList\",\"@id\":\"https:\/\/www.blisteromar.com\/fr\/azienda-2\/servizi\/training\/#breadcrumb\",\"itemListElement\":[{\"@type\":\"ListItem\",\"position\":1,\"name\":\"Home\",\"item\":\"https:\/\/www.blisteromar.com\/fr\/\"},{\"@type\":\"ListItem\",\"position\":2,\"name\":\"Entreprise\",\"item\":\"https:\/\/www.blisteromar.com\/fr\/azienda-2\/\"},{\"@type\":\"ListItem\",\"position\":3,\"name\":\"Services\",\"item\":\"https:\/\/www.blisteromar.com\/fr\/azienda-2\/servizi\/\"},{\"@type\":\"ListItem\",\"position\":4,\"name\":\"Formation sur le Site\"}]},{\"@type\":\"WebSite\",\"@id\":\"https:\/\/www.blisteromar.com\/#website\",\"url\":\"https:\/\/www.blisteromar.com\/\",\"name\":\"O.M.A.R. srl\",\"description\":\"Solutions for Pharmaceutical Industries in Excellent Packaging Blister\",\"potentialAction\":[{\"@type\":\"SearchAction\",\"target\":{\"@type\":\"EntryPoint\",\"urlTemplate\":\"https:\/\/www.blisteromar.com\/?s={search_term_string}\"},\"query-input\":{\"@type\":\"PropertyValueSpecification\",\"valueRequired\":true,\"valueName\":\"search_term_string\"}}],\"inLanguage\":\"fr-FR\"}]}<\/script>\n<!-- \/ Yoast SEO plugin. -->","yoast_head_json":{"title":"Formation sur le Site | O.M.A.R. Solutions for Pharmaceutical Industries in Excellent Packaging Blister","description":"Formation: signifie instruire la client\u00e8le sur les caract\u00e9ristiques et les fonctionnalit\u00e9s de nos machines pour permettre une utilisation correcte et...","robots":{"index":"index","follow":"follow","max-snippet":"max-snippet:-1","max-image-preview":"max-image-preview:large","max-video-preview":"max-video-preview:-1"},"canonical":"https:\/\/www.blisteromar.com\/fr\/azienda-2\/servizi\/training\/","og_locale":"fr_FR","og_type":"article","og_title":"Formation sur le Site | O.M.A.R. Solutions for Pharmaceutical Industries in Excellent Packaging Blister","og_description":"Formation: signifie instruire la client\u00e8le sur les caract\u00e9ristiques et les fonctionnalit\u00e9s de nos machines pour permettre une utilisation correcte et...","og_url":"https:\/\/www.blisteromar.com\/fr\/azienda-2\/servizi\/training\/","og_site_name":"O.M.A.R. srl","article_modified_time":"2018-06-05T08:15:12+00:00","og_image":[{"width":1200,"height":630,"url":"https:\/\/www.blisteromar.com\/wp-content\/uploads\/2022\/06\/logo.jpg","type":"image\/jpeg"}],"twitter_card":"summary_large_image","schema":{"@context":"https:\/\/schema.org","@graph":[{"@type":"WebPage","@id":"https:\/\/www.blisteromar.com\/fr\/azienda-2\/servizi\/training\/","url":"https:\/\/www.blisteromar.com\/fr\/azienda-2\/servizi\/training\/","name":"Formation sur le Site | O.M.A.R. Solutions for Pharmaceutical Industries in Excellent Packaging Blister","isPartOf":{"@id":"https:\/\/www.blisteromar.com\/#website"},"datePublished":"2017-05-31T13:20:56+00:00","dateModified":"2018-06-05T08:15:12+00:00","description":"Formation: signifie instruire la client\u00e8le sur les caract\u00e9ristiques et les fonctionnalit\u00e9s de nos machines pour permettre une utilisation correcte et...","breadcrumb":{"@id":"https:\/\/www.blisteromar.com\/fr\/azienda-2\/servizi\/training\/#breadcrumb"},"inLanguage":"fr-FR","potentialAction":[{"@type":"ReadAction","target":["https:\/\/www.blisteromar.com\/fr\/azienda-2\/servizi\/training\/"]}]},{"@type":"BreadcrumbList","@id":"https:\/\/www.blisteromar.com\/fr\/azienda-2\/servizi\/training\/#breadcrumb","itemListElement":[{"@type":"ListItem","position":1,"name":"Home","item":"https:\/\/www.blisteromar.com\/fr\/"},{"@type":"ListItem","position":2,"name":"Entreprise","item":"https:\/\/www.blisteromar.com\/fr\/azienda-2\/"},{"@type":"ListItem","position":3,"name":"Services","item":"https:\/\/www.blisteromar.com\/fr\/azienda-2\/servizi\/"},{"@type":"ListItem","position":4,"name":"Formation sur le Site"}]},{"@type":"WebSite","@id":"https:\/\/www.blisteromar.com\/#website","url":"https:\/\/www.blisteromar.com\/","name":"O.M.A.R. srl","description":"Solutions for Pharmaceutical Industries in Excellent Packaging Blister","potentialAction":[{"@type":"SearchAction","target":{"@type":"EntryPoint","urlTemplate":"https:\/\/www.blisteromar.com\/?s={search_term_string}"},"query-input":{"@type":"PropertyValueSpecification","valueRequired":true,"valueName":"search_term_string"}}],"inLanguage":"fr-FR"}]}},"_links":{"self":[{"href":"https:\/\/www.blisteromar.com\/fr\/wp-json\/wp\/v2\/pages\/2707","targetHints":{"allow":["GET"]}}],"collection":[{"href":"https:\/\/www.blisteromar.com\/fr\/wp-json\/wp\/v2\/pages"}],"about":[{"href":"https:\/\/www.blisteromar.com\/fr\/wp-json\/wp\/v2\/types\/page"}],"author":[{"embeddable":true,"href":"https:\/\/www.blisteromar.com\/fr\/wp-json\/wp\/v2\/users\/1"}],"replies":[{"embeddable":true,"href":"https:\/\/www.blisteromar.com\/fr\/wp-json\/wp\/v2\/comments?post=2707"}],"version-history":[{"count":3,"href":"https:\/\/www.blisteromar.com\/fr\/wp-json\/wp\/v2\/pages\/2707\/revisions"}],"predecessor-version":[{"id":3881,"href":"https:\/\/www.blisteromar.com\/fr\/wp-json\/wp\/v2\/pages\/2707\/revisions\/3881"}],"up":[{"embeddable":true,"href":"https:\/\/www.blisteromar.com\/fr\/wp-json\/wp\/v2\/pages\/2687"}],"wp:attachment":[{"href":"https:\/\/www.blisteromar.com\/fr\/wp-json\/wp\/v2\/media?parent=2707"}],"curies":[{"name":"wp","href":"https:\/\/api.w.org\/{rel}","templated":true}]}}