{"id":6099,"date":"2017-05-31T15:20:56","date_gmt":"2017-05-31T13:20:56","guid":{"rendered":"https:\/\/www.blisteromar.com\/azienda-2\/servizi\/training\/"},"modified":"2020-07-28T16:17:19","modified_gmt":"2020-07-28T14:17:19","slug":"training","status":"publish","type":"page","link":"https:\/\/www.blisteromar.com\/pl\/azienda-2\/servizi\/training\/","title":{"rendered":"Szkolenie na miejscu"},"content":{"rendered":"<h1>Szkolenie na miejscu<\/h1>\n<p><strong>Szkolenie<\/strong>: oznacza to edukacj\u0119 klient\u00f3w w zakresie specyficznych parametr\u00f3w i funkcji naszych maszyn, aby mog\u0142y by\u0107 one u\u017cywane w\u0142a\u015bciwie i w najbardziej efektywny spos\u00f3b.<\/p>\n","protected":false},"excerpt":{"rendered":"<p>Szkolenie na miejscu Szkolenie: oznacza to edukacj\u0119 klient\u00f3w w zakresie specyficznych parametr\u00f3w i funkcji naszych maszyn, aby mog\u0142y by\u0107 one u\u017cywane w\u0142a\u015bciwie i w najbardziej efektywny spos\u00f3b.<\/p>\n","protected":false},"author":1,"featured_media":0,"parent":6070,"menu_order":0,"comment_status":"closed","ping_status":"closed","template":"template\/chi_siamo_gallery.php","meta":{"_acf_changed":false,"footnotes":""},"class_list":["post-6099","page","type-page","status-publish","hentry"],"acf":[],"yoast_head":"<!-- This site is optimized with the Yoast SEO plugin v26.9 - https:\/\/yoast.com\/product\/yoast-seo-wordpress\/ -->\n<title>Training on Site | O.M.A.R. Solutions for Pharmaceutical Industries in Excellent Packaging Blister<\/title>\n<meta name=\"description\" content=\"Training: significa istruire la clientela sulle caratteristiche e funzionalit\u00e0 delle nostre macchine, per consentire un utilizzo corretto e in piena...\" \/>\n<meta name=\"robots\" content=\"index, follow, max-snippet:-1, max-image-preview:large, max-video-preview:-1\" \/>\n<link rel=\"canonical\" href=\"https:\/\/www.blisteromar.com\/pl\/azienda-2\/servizi\/training\/\" \/>\n<meta property=\"og:locale\" content=\"pl_PL\" \/>\n<meta property=\"og:type\" content=\"article\" \/>\n<meta property=\"og:title\" content=\"Training on Site | O.M.A.R. Solutions for Pharmaceutical Industries in Excellent Packaging Blister\" \/>\n<meta property=\"og:description\" content=\"Training: significa istruire la clientela sulle caratteristiche e funzionalit\u00e0 delle nostre macchine, per consentire un utilizzo corretto e in piena...\" \/>\n<meta property=\"og:url\" content=\"https:\/\/www.blisteromar.com\/pl\/azienda-2\/servizi\/training\/\" \/>\n<meta property=\"og:site_name\" content=\"O.M.A.R. srl\" \/>\n<meta property=\"article:modified_time\" content=\"2020-07-28T14:17:19+00:00\" \/>\n<meta property=\"og:image\" content=\"https:\/\/www.blisteromar.com\/wp-content\/uploads\/2022\/06\/logo.jpg\" \/>\n\t<meta property=\"og:image:width\" content=\"1200\" \/>\n\t<meta property=\"og:image:height\" content=\"630\" \/>\n\t<meta property=\"og:image:type\" content=\"image\/jpeg\" \/>\n<meta name=\"twitter:card\" content=\"summary_large_image\" \/>\n<script type=\"application\/ld+json\" class=\"yoast-schema-graph\">{\"@context\":\"https:\/\/schema.org\",\"@graph\":[{\"@type\":\"WebPage\",\"@id\":\"https:\/\/www.blisteromar.com\/pl\/azienda-2\/servizi\/training\/\",\"url\":\"https:\/\/www.blisteromar.com\/pl\/azienda-2\/servizi\/training\/\",\"name\":\"Training on Site | O.M.A.R. Solutions for Pharmaceutical Industries in Excellent Packaging Blister\",\"isPartOf\":{\"@id\":\"https:\/\/www.blisteromar.com\/#website\"},\"datePublished\":\"2017-05-31T13:20:56+00:00\",\"dateModified\":\"2020-07-28T14:17:19+00:00\",\"description\":\"Training: significa istruire la clientela sulle caratteristiche e funzionalit\u00e0 delle nostre macchine, per consentire un utilizzo corretto e in piena...\",\"breadcrumb\":{\"@id\":\"https:\/\/www.blisteromar.com\/pl\/azienda-2\/servizi\/training\/#breadcrumb\"},\"inLanguage\":\"pl-PL\",\"potentialAction\":[{\"@type\":\"ReadAction\",\"target\":[\"https:\/\/www.blisteromar.com\/pl\/azienda-2\/servizi\/training\/\"]}]},{\"@type\":\"BreadcrumbList\",\"@id\":\"https:\/\/www.blisteromar.com\/pl\/azienda-2\/servizi\/training\/#breadcrumb\",\"itemListElement\":[{\"@type\":\"ListItem\",\"position\":1,\"name\":\"Home\",\"item\":\"https:\/\/www.blisteromar.com\/pl\/\"},{\"@type\":\"ListItem\",\"position\":2,\"name\":\"Firma\",\"item\":\"https:\/\/www.blisteromar.com\/pl\/azienda-2\/\"},{\"@type\":\"ListItem\",\"position\":3,\"name\":\"Us\u0142ugi\",\"item\":\"https:\/\/www.blisteromar.com\/pl\/azienda-2\/servizi\/\"},{\"@type\":\"ListItem\",\"position\":4,\"name\":\"Szkolenie na miejscu\"}]},{\"@type\":\"WebSite\",\"@id\":\"https:\/\/www.blisteromar.com\/#website\",\"url\":\"https:\/\/www.blisteromar.com\/\",\"name\":\"O.M.A.R. srl\",\"description\":\"Solutions for Pharmaceutical Industries in Excellent Packaging Blister\",\"potentialAction\":[{\"@type\":\"SearchAction\",\"target\":{\"@type\":\"EntryPoint\",\"urlTemplate\":\"https:\/\/www.blisteromar.com\/?s={search_term_string}\"},\"query-input\":{\"@type\":\"PropertyValueSpecification\",\"valueRequired\":true,\"valueName\":\"search_term_string\"}}],\"inLanguage\":\"pl-PL\"}]}<\/script>\n<!-- \/ Yoast SEO plugin. -->","yoast_head_json":{"title":"Training on Site | O.M.A.R. Solutions for Pharmaceutical Industries in Excellent Packaging Blister","description":"Training: significa istruire la clientela sulle caratteristiche e funzionalit\u00e0 delle nostre macchine, per consentire un utilizzo corretto e in piena...","robots":{"index":"index","follow":"follow","max-snippet":"max-snippet:-1","max-image-preview":"max-image-preview:large","max-video-preview":"max-video-preview:-1"},"canonical":"https:\/\/www.blisteromar.com\/pl\/azienda-2\/servizi\/training\/","og_locale":"pl_PL","og_type":"article","og_title":"Training on Site | O.M.A.R. Solutions for Pharmaceutical Industries in Excellent Packaging Blister","og_description":"Training: significa istruire la clientela sulle caratteristiche e funzionalit\u00e0 delle nostre macchine, per consentire un utilizzo corretto e in piena...","og_url":"https:\/\/www.blisteromar.com\/pl\/azienda-2\/servizi\/training\/","og_site_name":"O.M.A.R. srl","article_modified_time":"2020-07-28T14:17:19+00:00","og_image":[{"width":1200,"height":630,"url":"https:\/\/www.blisteromar.com\/wp-content\/uploads\/2022\/06\/logo.jpg","type":"image\/jpeg"}],"twitter_card":"summary_large_image","schema":{"@context":"https:\/\/schema.org","@graph":[{"@type":"WebPage","@id":"https:\/\/www.blisteromar.com\/pl\/azienda-2\/servizi\/training\/","url":"https:\/\/www.blisteromar.com\/pl\/azienda-2\/servizi\/training\/","name":"Training on Site | O.M.A.R. Solutions for Pharmaceutical Industries in Excellent Packaging Blister","isPartOf":{"@id":"https:\/\/www.blisteromar.com\/#website"},"datePublished":"2017-05-31T13:20:56+00:00","dateModified":"2020-07-28T14:17:19+00:00","description":"Training: significa istruire la clientela sulle caratteristiche e funzionalit\u00e0 delle nostre macchine, per consentire un utilizzo corretto e in piena...","breadcrumb":{"@id":"https:\/\/www.blisteromar.com\/pl\/azienda-2\/servizi\/training\/#breadcrumb"},"inLanguage":"pl-PL","potentialAction":[{"@type":"ReadAction","target":["https:\/\/www.blisteromar.com\/pl\/azienda-2\/servizi\/training\/"]}]},{"@type":"BreadcrumbList","@id":"https:\/\/www.blisteromar.com\/pl\/azienda-2\/servizi\/training\/#breadcrumb","itemListElement":[{"@type":"ListItem","position":1,"name":"Home","item":"https:\/\/www.blisteromar.com\/pl\/"},{"@type":"ListItem","position":2,"name":"Firma","item":"https:\/\/www.blisteromar.com\/pl\/azienda-2\/"},{"@type":"ListItem","position":3,"name":"Us\u0142ugi","item":"https:\/\/www.blisteromar.com\/pl\/azienda-2\/servizi\/"},{"@type":"ListItem","position":4,"name":"Szkolenie na miejscu"}]},{"@type":"WebSite","@id":"https:\/\/www.blisteromar.com\/#website","url":"https:\/\/www.blisteromar.com\/","name":"O.M.A.R. srl","description":"Solutions for Pharmaceutical Industries in Excellent Packaging Blister","potentialAction":[{"@type":"SearchAction","target":{"@type":"EntryPoint","urlTemplate":"https:\/\/www.blisteromar.com\/?s={search_term_string}"},"query-input":{"@type":"PropertyValueSpecification","valueRequired":true,"valueName":"search_term_string"}}],"inLanguage":"pl-PL"}]}},"_links":{"self":[{"href":"https:\/\/www.blisteromar.com\/pl\/wp-json\/wp\/v2\/pages\/6099","targetHints":{"allow":["GET"]}}],"collection":[{"href":"https:\/\/www.blisteromar.com\/pl\/wp-json\/wp\/v2\/pages"}],"about":[{"href":"https:\/\/www.blisteromar.com\/pl\/wp-json\/wp\/v2\/types\/page"}],"author":[{"embeddable":true,"href":"https:\/\/www.blisteromar.com\/pl\/wp-json\/wp\/v2\/users\/1"}],"replies":[{"embeddable":true,"href":"https:\/\/www.blisteromar.com\/pl\/wp-json\/wp\/v2\/comments?post=6099"}],"version-history":[{"count":3,"href":"https:\/\/www.blisteromar.com\/pl\/wp-json\/wp\/v2\/pages\/6099\/revisions"}],"predecessor-version":[{"id":6253,"href":"https:\/\/www.blisteromar.com\/pl\/wp-json\/wp\/v2\/pages\/6099\/revisions\/6253"}],"up":[{"embeddable":true,"href":"https:\/\/www.blisteromar.com\/pl\/wp-json\/wp\/v2\/pages\/6070"}],"wp:attachment":[{"href":"https:\/\/www.blisteromar.com\/pl\/wp-json\/wp\/v2\/media?parent=6099"}],"curies":[{"name":"wp","href":"https:\/\/api.w.org\/{rel}","templated":true}]}}